{"id":969,"date":"2019-12-03T09:42:46","date_gmt":"2019-12-03T08:42:46","guid":{"rendered":"https:\/\/chalet-montana.com\/?page_id=969"},"modified":"2019-12-06T12:03:42","modified_gmt":"2019-12-06T11:03:42","slug":"menu-2","status":"publish","type":"page","link":"https:\/\/chalet-montana.com\/index.php\/menu-2\/","title":{"rendered":"Menu"},"content":{"rendered":"<p><div class=\"fusion-fullwidth fullwidth-box fusion-builder-row-1 fusion-parallax-none nonhundred-percent-fullwidth non-hundred-percent-height-scrolling\" style=\"background-color: #07070a;background-image: url(&quot;https:\/\/chalet-montana.com\/wp-content\/uploads\/2019\/11\/IMG_9144.jpg&quot;);background-position: center center;background-repeat: no-repeat;padding-top:15%;padding-right:0px;padding-bottom:10%;padding-left:0px;margin-bottom: 0px;margin-top: 0px;border-width: 0px 0px 0px 0px;border-color:#eae9e9;border-style:solid;-webkit-background-size:cover;-moz-background-size:cover;-o-background-size:cover;background-size:cover;\" ><div class=\"fusion-builder-row fusion-row\"><div class=\"fusion-layout-column fusion_builder_column fusion-builder-column-0 fusion_builder_column_1_1 1_1 fusion-one-full fusion-column-first fusion-column-last fusion-animated\" style=\"margin-top:0px;margin-bottom:0px;\" data-animationType=\"fadeInDown\" data-animationDuration=\"1.0\" data-animationOffset=\"100%\"><div class=\"fusion-column-wrapper fusion-flex-column-wrapper-legacy\" style=\"background-position:left top;background-repeat:no-repeat;-webkit-background-size:cover;-moz-background-size:cover;-o-background-size:cover;background-size:cover;padding: 0px 0px 0px 0px;\"><style type=\"text\/css\">@media only screen and (max-width:1024px) {.fusion-title.fusion-title-1{margin-top:!important;margin-bottom:0px!important;}}<\/style><div class=\"fusion-title title fusion-title-1 fusion-sep-none fusion-title-center fusion-title-text fusion-title-size-one\" style=\"font-size:4em;margin-top:40px;margin-right:0px;margin-bottom:0px;margin-left:0px;\"><h1 class=\"title-heading-center fusion-responsive-typography-calculated\" style=\"margin:0;font-size:1em;--fontSize:56;line-height:1.4;\">MENU<\/h1><\/div><div class=\"fusion-clearfix\"><\/div><\/div><\/div><\/div><\/div><div class=\"fusion-fullwidth fullwidth-box fusion-builder-row-2 nonhundred-percent-fullwidth non-hundred-percent-height-scrolling fusion-equal-height-columns\" style=\"background-color: #101015;background-image:linear-gradient(180deg, #ffffff 0%,#ffffff 100%);background-position: center bottom;background-repeat: no-repeat;padding-top:6%;padding-right:0px;padding-bottom:9%;padding-left:0px;margin-bottom: 0px;margin-top: 0px;border-width: 0px 0px 0px 0px;border-color:#eae9e9;border-style:solid;\" ><div class=\"fusion-builder-row fusion-row\"><div class=\"fusion-layout-column fusion_builder_column fusion-builder-column-1 fusion_builder_column_1_1 1_1 fusion-one-full fusion-column-first fusion-column-last fusion-column-no-min-height fusion-animated\" style=\"margin-top:0px;margin-bottom:0px;\" data-animationType=\"fadeInDown\" data-animationDuration=\"1.0\" data-animationOffset=\"100%\"><div class=\"fusion-column-wrapper fusion-flex-column-wrapper-legacy\" style=\"background-position:left top;background-repeat:no-repeat;-webkit-background-size:cover;-moz-background-size:cover;-o-background-size:cover;background-size:cover;padding: 40px 15% 60px 15%;\"><style type=\"text\/css\">@media only screen and (max-width:1024px) {.fusion-title.fusion-title-2{margin-top:!important;margin-bottom:20px!important;}}<\/style><div class=\"fusion-title title fusion-title-2 fusion-sep-none fusion-title-center fusion-title-text fusion-title-size-three\" style=\"font-size:2em;margin-top:0px;margin-right:0px;margin-bottom:20px;margin-left:0px;\"><h3 class=\"title-heading-center fusion-responsive-typography-calculated\" style=\"margin:0;font-size:1em;color:#265960;--fontSize:28;line-height:1.3;\">STARTERS<\/h3><\/div><div class=\"fusion-text fusion-text-1\"><p style=\"text-align: center;\"><strong>The palette \u00ab\u00a0gourmet aperitif\u00a0\u00bb &#8211; 9,50 \u20ac<\/strong><br \/>\n<em>Assortment of small treats with peck and spread, alone or to share<\/em><\/p>\n<p style=\"text-align: center;\"><strong>Montana salad &#8211; 14 \u20ac<\/strong><br \/>\n<em>Salad, tomatoes, croutons, chiffonnade of Savoy ham, Beaufort cubes, tomme, blueberry vinegar<\/em><\/p>\n<p style=\"text-align: center;\"><strong>Caesar salad from our house &#8211; 14 \u20ac<\/strong><br \/>\n<em>Salad, chopped with warm chicken, chorizo \u200b\u200bchips, anchovy fillet, croutons, parmesan shavings, Caesar vinegar<\/em><\/p>\n<p style=\"text-align: center;\"><strong>Shepherd&rsquo;s salad &#8211; 14 \u20ac<\/strong><br \/>\n<em>Salad, tomatoes, warm goat cheese toast, cottage cheese, granny smith apple, chorizo \u200b\u200bchips, poached egg, balsamic vinegar<\/em><\/p>\n<p style=\"text-align: center;\">\n<\/div><div class=\"fusion-clearfix\"><\/div><\/div><\/div><div class=\"fusion-layout-column fusion_builder_column fusion-builder-column-2 fusion_builder_column_1_1 1_1 fusion-one-full fusion-column-first fusion-column-last fusion-column-no-min-height fusion-animated\" style=\"margin-top:0px;margin-bottom:0px;\" data-animationType=\"fadeInDown\" data-animationDuration=\"1.0\" data-animationOffset=\"100%\"><div class=\"fusion-column-wrapper fusion-flex-column-wrapper-legacy\" style=\"background-position:left top;background-repeat:no-repeat;-webkit-background-size:cover;-moz-background-size:cover;-o-background-size:cover;background-size:cover;padding: 40px 15% 60px 15%;\"><style type=\"text\/css\">@media only screen and (max-width:1024px) {.fusion-title.fusion-title-3{margin-top:!important;margin-bottom:20px!important;}}<\/style><div class=\"fusion-title title fusion-title-3 fusion-sep-none fusion-title-center fusion-title-text fusion-title-size-three\" style=\"font-size:2em;margin-top:0px;margin-right:0px;margin-bottom:20px;margin-left:0px;\"><h3 class=\"title-heading-center fusion-responsive-typography-calculated\" style=\"margin:0;font-size:1em;color:#265960;--fontSize:28;line-height:1.3;\">MAIN DISHES<\/h3><\/div><div class=\"fusion-text fusion-text-2\"><p style=\"text-align: center;\"><strong>Raclette table wood stove (on reservation) &#8211; 19,50 \u20ac<\/strong><br \/>\n<em>Raclette cheese, salami, green salad and potatoes<\/em><\/p>\n<p style=\"text-align: center;\"><strong>Montana plancha &#8211; 18 \u20ac<\/strong><br \/>\n<em>Assortment of cold cuts and cheeses, condiments and green salad, french fries<\/em><\/p>\n<p style=\"text-align: center;\"><strong>The real soup of Montana &#8211; 9,90 \u20ac<\/strong><br \/>\n<em>1\/2 liter of broth garnished with fresh vegetables, Savoyard bacon, and Diot de Savoie smoked (served from 10h to 17h non stop)<\/em><\/p>\n<p style=\"text-align: center;\"><strong>Tartiflette traditional Savoyard dish &#8211; 16,50 \u20ac<\/strong><br \/>\n<em>Gratinated potatoes with bacon, onions, cream and creamy reblochon french cheese, green salad<\/em><\/p>\n<p style=\"text-align: center;\"><strong>Savoyard cutlet &#8211; 16,90 \u20ac<\/strong><br \/>\n<em>Pan-fried turkey escalope covered with creamy reblochon french cheese and onions, french fries<\/em><\/p>\n<p style=\"text-align: center;\"><strong>Molten fondue of Montana &#8211; 18 \u20ac<\/strong><br \/>\n<em>Creamy cheese served in its \u00ab\u00a0fondue box\u00a0\u00bb, potatoes, assorted deli meats, green salad<\/em><\/p>\n<p style=\"text-align: center;\"><strong>Croziflette &#8211; 16 \u20ac<\/strong><br \/>\n<em>Gratinated with crozets (traditional Savoyard pasta), bacon, onions, cream, reblochon, creamy beaufort, green salad<\/em><\/p>\n<p style=\"text-align: center;\"><strong style=\"color: var(--body_typography-color); font-family: var(--body_typography-font-family); font-size: var(--body_typography-font-size); font-style: var(--body_typography-font-style,normal); letter-spacing: var(--body_typography-letter-spacing);\">Mac Montana XXL &#8211; 18,50 \u20ac<\/strong><\/p>\n<p style=\"text-align: center;\"><em>Minced beef 150 gr, grilled speck, red onion, tomato, gherkin, raclette cheese and melted reblochon, mustard with blueberry, french fries and green salad<\/em><\/p>\n<p style=\"text-align: center;\"><strong>Today&rsquo;s speciality dish along with other special dishes waiting for you depending on the seasons &#8230;<\/strong><\/p>\n<\/div><div class=\"fusion-clearfix\"><\/div><\/div><\/div><div class=\"fusion-layout-column fusion_builder_column fusion-builder-column-3 fusion_builder_column_1_1 1_1 fusion-one-full fusion-column-first fusion-column-last fusion-column-no-min-height fusion-animated\" style=\"margin-top:0px;margin-bottom:0px;\" data-animationType=\"fadeInDown\" data-animationDuration=\"1.0\" data-animationOffset=\"100%\"><div class=\"fusion-column-wrapper fusion-flex-column-wrapper-legacy\" style=\"background-position:left top;background-repeat:no-repeat;-webkit-background-size:cover;-moz-background-size:cover;-o-background-size:cover;background-size:cover;padding: 40px 15% 60px 15%;\"><style type=\"text\/css\">@media only screen and (max-width:1024px) {.fusion-title.fusion-title-4{margin-top:!important;margin-bottom:20px!important;}}<\/style><div class=\"fusion-title title fusion-title-4 fusion-sep-none fusion-title-center fusion-title-text fusion-title-size-three\" style=\"font-size:2em;margin-top:0px;margin-right:0px;margin-bottom:20px;margin-left:0px;\"><h3 class=\"title-heading-center fusion-responsive-typography-calculated\" style=\"margin:0;font-size:1em;color:#265960;--fontSize:28;line-height:1.3;\">DESSERTS<\/h3><\/div><div class=\"fusion-text fusion-text-3\"><p style=\"text-align: center;\"><strong>Chocolate fondant and blueberries heart, custard &#8211; 6,50 \u20ac<\/strong><\/p>\n<p style=\"text-align: center;\"><strong>Pecan pie and coconut ice cream &#8211; 6,50 \u20ac<\/strong><\/p>\n<p style=\"text-align: center;\"><strong>White cheese &#8211; 5,50 \u20ac<\/strong><br \/>\n<em>Nature \/ jam blueberry or strawberry or raspberry or apricot \/ caramel house<\/em><\/p>\n<p style=\"text-align: center;\"><strong>Blueberry tartlet &#8211; 7 \u20ac<\/strong><\/p>\n<p style=\"text-align: center;\"><strong>Cr\u00e8me br\u00fbl\u00e9e with G\u00e9n\u00e9pi (traditional alcohol &#8211; 6,50 \u20ac<\/strong><\/p>\n<p style=\"text-align: center;\"><strong>and much more at the restaurant &#8230;<\/strong><\/p>\n<\/div><div class=\"fusion-clearfix\"><\/div><\/div><\/div><div class=\"fusion-layout-column fusion_builder_column fusion-builder-column-4 fusion_builder_column_1_1 1_1 fusion-one-full fusion-column-first fusion-column-last fusion-column-no-min-height fusion-animated\" style=\"margin-top:0px;margin-bottom:0px;\" data-animationType=\"fadeInDown\" data-animationDuration=\"1.0\" data-animationOffset=\"100%\"><div class=\"fusion-column-wrapper fusion-flex-column-wrapper-legacy\" style=\"background-position:left top;background-repeat:no-repeat;-webkit-background-size:cover;-moz-background-size:cover;-o-background-size:cover;background-size:cover;padding: 40px 15% 60px 15%;\"><style type=\"text\/css\">@media only screen and (max-width:1024px) {.fusion-title.fusion-title-5{margin-top:!important;margin-bottom:20px!important;}}<\/style><div class=\"fusion-title title fusion-title-5 fusion-sep-none fusion-title-center fusion-title-text fusion-title-size-three\" style=\"font-size:2em;margin-top:0px;margin-right:0px;margin-bottom:20px;margin-left:0px;\"><h3 class=\"title-heading-center fusion-responsive-typography-calculated\" style=\"margin:0;font-size:1em;color:#265960;--fontSize:28;line-height:1.3;\">KIDS MENU<\/h3><\/div><div class=\"fusion-text fusion-text-4\"><p style=\"text-align: center;\"><b>Menu suitable for children under 10 years &#8211; 8,50 \u20ac<\/b><br \/>\n<i><br \/>\nWhite ham or chicken nuggets with fries + a compote or a small pot of vanilla \/ chocolate ice cream<\/i><\/p>\n<\/div><div class=\"fusion-clearfix\"><\/div><\/div><\/div><div class=\"fusion-layout-column fusion_builder_column fusion-builder-column-5 fusion_builder_column_1_1 1_1 fusion-one-full fusion-column-first fusion-column-last fusion-column-no-min-height fusion-animated\" style=\"margin-top:0px;margin-bottom:0px;\" data-animationType=\"fadeInDown\" data-animationDuration=\"1.0\" data-animationOffset=\"100%\"><div class=\"fusion-column-wrapper fusion-flex-column-wrapper-legacy\" style=\"background-position:left top;background-repeat:no-repeat;-webkit-background-size:cover;-moz-background-size:cover;-o-background-size:cover;background-size:cover;padding: 0px 15% 0px 15%;\"><style type=\"text\/css\">@media only screen and (max-width:1024px) {.fusion-title.fusion-title-6{margin-top:!important;margin-bottom:20px!important;}}<\/style><div class=\"fusion-title title fusion-title-6 fusion-sep-none fusion-title-center fusion-title-text fusion-title-size-three\" style=\"font-size:3em;margin-top:0px;margin-right:0px;margin-bottom:20px;margin-left:0px;\"><h3 class=\"title-heading-center fusion-responsive-typography-calculated\" style=\"margin:0;font-size:1em;color:#265960;--fontSize:42;line-height:1.3;\">SNACKING<\/h3><\/div><div class=\"fusion-text fusion-text-5\"><p style=\"text-align: center;\"><strong>Portion of fries &#8211; 5 \u20ac<\/strong><\/p>\n<p style=\"text-align: center;\"><strong>Frankfurter sausage, french fries &#8211; 11,50 \u20ac<\/strong><\/p>\n<p style=\"text-align: center;\"><strong>Steak chopped fries &#8211; 12,50 \u20ac<\/strong><\/p>\n<p style=\"text-align: center;\"><strong>Homemad Croque monsieur &#8211; 10,50 \u20ac<\/strong><\/p>\n<p style=\"text-align: center;\"><b>Sandwiches, paninis, and salty pancakes are also available at the restaurant\u2026<\/b><\/p>\n<\/div><div class=\"fusion-clearfix\"><\/div><\/div><\/div><\/div><\/div><div class=\"fusion-fullwidth fullwidth-box fusion-builder-row-3 hundred-percent-fullwidth non-hundred-percent-height-scrolling fusion-equal-height-columns\" style=\"background-color: rgba(255,255,255,0);background-position: center center;background-repeat: no-repeat;padding-top:0px;padding-right:0px;padding-bottom:0px;padding-left:0px;margin-bottom: 0px;margin-top: 0px;border-width: 0px 0px 0px 0px;border-color:#eae9e9;border-style:solid;\" ><div class=\"fusion-builder-row fusion-row\"><div class=\"fusion-layout-column fusion_builder_column fusion-builder-column-6 fusion_builder_column_1_1 1_1 fusion-one-full fusion-column-first fusion-column-last\" style=\"margin-top:0px;margin-bottom:0px;\"><div class=\"fusion-column-wrapper fusion-flex-column-wrapper-legacy\" style=\"background-image: url(&#039;https:\/\/chalet-montana.com\/wp-content\/uploads\/2019\/10\/Capture5.png&#039;);background-position:right center;background-blend-mode: overlay;background-repeat:no-repeat;-webkit-background-size:cover;-moz-background-size:cover;-o-background-size:cover;background-size:cover;background-color:rgba(0,0,0,0.3);padding: 6% 6% 25% 6%;\" data-bg-url=\"https:\/\/chalet-montana.com\/wp-content\/uploads\/2019\/10\/Capture5.png\"><div class=\"fusion-clearfix\"><\/div><\/div><\/div><\/div><\/div><\/p>\n","protected":false},"excerpt":{"rendered":"","protected":false},"author":1,"featured_media":0,"parent":0,"menu_order":0,"comment_status":"closed","ping_status":"closed","template":"100-width.php","meta":{"footnotes":""},"class_list":["post-969","page","type-page","status-publish","hentry"],"_links":{"self":[{"href":"https:\/\/chalet-montana.com\/index.php\/wp-json\/wp\/v2\/pages\/969","targetHints":{"allow":["GET"]}}],"collection":[{"href":"https:\/\/chalet-montana.com\/index.php\/wp-json\/wp\/v2\/pages"}],"about":[{"href":"https:\/\/chalet-montana.com\/index.php\/wp-json\/wp\/v2\/types\/page"}],"author":[{"embeddable":true,"href":"https:\/\/chalet-montana.com\/index.php\/wp-json\/wp\/v2\/users\/1"}],"replies":[{"embeddable":true,"href":"https:\/\/chalet-montana.com\/index.php\/wp-json\/wp\/v2\/comments?post=969"}],"version-history":[{"count":3,"href":"https:\/\/chalet-montana.com\/index.php\/wp-json\/wp\/v2\/pages\/969\/revisions"}],"predecessor-version":[{"id":1001,"href":"https:\/\/chalet-montana.com\/index.php\/wp-json\/wp\/v2\/pages\/969\/revisions\/1001"}],"wp:attachment":[{"href":"https:\/\/chalet-montana.com\/index.php\/wp-json\/wp\/v2\/media?parent=969"}],"curies":[{"name":"wp","href":"https:\/\/api.w.org\/{rel}","templated":true}]}}