{"id":15,"date":"2019-08-15T16:11:42","date_gmt":"2019-08-15T16:11:42","guid":{"rendered":"http:\/\/qgfllsd.cluster023.hosting.ovh.net\/?page_id=15"},"modified":"2024-12-09T11:08:55","modified_gmt":"2024-12-09T10:08:55","slug":"menu","status":"publish","type":"page","link":"https:\/\/chalet-montana.com\/index.php\/menu\/","title":{"rendered":"Menu"},"content":{"rendered":"<p><div class=\"fusion-fullwidth fullwidth-box fusion-builder-row-1 fusion-parallax-none nonhundred-percent-fullwidth non-hundred-percent-height-scrolling\" style=\"background-color: #07070a;background-image: url(&quot;https:\/\/chalet-montana.com\/wp-content\/uploads\/2019\/11\/IMG_9144.jpg&quot;);background-position: center center;background-repeat: no-repeat;padding-top:15%;padding-right:0px;padding-bottom:10%;padding-left:0px;margin-bottom: 0px;margin-top: 0px;border-width: 0px 0px 0px 0px;border-color:#eae9e9;border-style:solid;-webkit-background-size:cover;-moz-background-size:cover;-o-background-size:cover;background-size:cover;\" ><div class=\"fusion-builder-row fusion-row\"><div class=\"fusion-layout-column fusion_builder_column fusion-builder-column-0 fusion_builder_column_1_1 1_1 fusion-one-full fusion-column-first fusion-column-last fusion-animated\" style=\"margin-top:0px;margin-bottom:0px;\" data-animationType=\"fadeInDown\" data-animationDuration=\"1.0\" data-animationOffset=\"100%\"><div class=\"fusion-column-wrapper fusion-flex-column-wrapper-legacy\" style=\"background-position:left top;background-repeat:no-repeat;-webkit-background-size:cover;-moz-background-size:cover;-o-background-size:cover;background-size:cover;padding: 0px 0px 0px 0px;\"><style type=\"text\/css\">@media only screen and (max-width:1024px) {.fusion-title.fusion-title-1{margin-top:!important;margin-bottom:0px!important;}}<\/style><div class=\"fusion-title title fusion-title-1 fusion-sep-none fusion-title-center fusion-title-text fusion-title-size-one\" style=\"font-size:4em;margin-top:40px;margin-right:0px;margin-bottom:0px;margin-left:0px;\"><h1 class=\"title-heading-center fusion-responsive-typography-calculated\" style=\"margin:0;font-size:1em;--fontSize:56;line-height:1.4;\">MENU<\/h1><\/div><div class=\"fusion-clearfix\"><\/div><\/div><\/div><\/div><\/div><div class=\"fusion-fullwidth fullwidth-box fusion-builder-row-2 nonhundred-percent-fullwidth non-hundred-percent-height-scrolling fusion-equal-height-columns\" style=\"background-color: #101015;background-image:linear-gradient(180deg, #ffffff 0%,#ffffff 100%);background-position: center bottom;background-repeat: no-repeat;padding-top:6%;padding-right:0px;padding-bottom:9%;padding-left:0px;margin-bottom: 0px;margin-top: 0px;border-width: 0px 0px 0px 0px;border-color:#eae9e9;border-style:solid;\" ><div class=\"fusion-builder-row fusion-row\"><div class=\"fusion-layout-column fusion_builder_column fusion-builder-column-1 fusion_builder_column_1_1 1_1 fusion-one-full fusion-column-first fusion-column-last fusion-column-no-min-height fusion-animated\" style=\"margin-top:0px;margin-bottom:0px;\" data-animationType=\"fadeInDown\" data-animationDuration=\"1.0\" data-animationOffset=\"100%\"><div class=\"fusion-column-wrapper fusion-flex-column-wrapper-legacy\" style=\"background-position:left top;background-repeat:no-repeat;-webkit-background-size:cover;-moz-background-size:cover;-o-background-size:cover;background-size:cover;padding: 40px 15% 60px 15%;\"><style type=\"text\/css\">@media only screen and (max-width:1024px) {.fusion-title.fusion-title-2{margin-top:!important;margin-bottom:20px!important;}}<\/style><div class=\"fusion-title title fusion-title-2 fusion-sep-none fusion-title-center fusion-title-text fusion-title-size-three\" style=\"font-size:3em;margin-top:0px;margin-right:0px;margin-bottom:20px;margin-left:0px;\"><h3 class=\"title-heading-center fusion-responsive-typography-calculated\" style=\"margin:0;font-size:1em;color:#265960;--fontSize:42;line-height:1.3;\">LA CARTE<\/h3><\/div><style type=\"text\/css\">@media only screen and (max-width:1024px) {.fusion-title.fusion-title-3{margin-top:!important;margin-bottom:20px!important;}}<\/style><div class=\"fusion-title title fusion-title-3 fusion-sep-none fusion-title-center fusion-title-text fusion-title-size-three\" style=\"font-size:2em;margin-top:0px;margin-right:0px;margin-bottom:20px;margin-left:0px;\"><h3 class=\"title-heading-center fusion-responsive-typography-calculated\" style=\"margin:0;font-size:1em;color:#265960;--fontSize:28;line-height:1.3;\">ENTREES<\/h3><\/div><div class=\"fusion-text fusion-text-1\" style=\"text-align:center;\"><p style=\"text-align: center;\"><strong><span style=\"vertical-align: inherit;\"><span style=\"vertical-align: inherit;\">La palette \u00ab\u00a0ap\u00e9ritif gourmand\u00a0\u00bb &#8211; 12,00 \u20ac <\/span><\/span><\/strong><br \/><em><span style=\"vertical-align: inherit;\"><span style=\"vertical-align: inherit;\">Assortiment de petites gourmandises \u00e0 picorer et tartiner, seul ou \u00e0 partager<\/span><\/span><\/em><\/p>\n<p style=\"text-align: center;\"><strong><span style=\"vertical-align: inherit;\"><span style=\"vertical-align: inherit;\">Salade du Montana &#8211; 19,00 \u20ac <\/span><\/span><\/strong><br \/><em><span style=\"vertical-align: inherit;\"><span style=\"vertical-align: inherit;\">Salade, jambon speck, reblochon, tomme de Savoie, \u0153uf, \u00e9chalote croustillante et cro\u00fbtons \u00e0 l&rsquo;ail<\/span><\/span><\/em><\/p>\n<p style=\"text-align: center;\"><strong><span style=\"vertical-align: inherit;\"><span style=\"vertical-align: inherit;\">Salade Caesar &#8211; 19,00 \u20ac <\/span><\/span><\/strong><br \/><em><span style=\"vertical-align: inherit;\"><span style=\"vertical-align: inherit;\">Salade, poulet croustillant, \u0153uf poch\u00e9, filet d&rsquo;anchois, cro\u00fbtons, copeaux de parmesan, sauce Caesar<\/span><\/span><\/em><\/p>\n<p style=\"text-align: center;\">\n<\/div><div class=\"fusion-clearfix\"><\/div><\/div><\/div><div class=\"fusion-layout-column fusion_builder_column fusion-builder-column-2 fusion_builder_column_1_1 1_1 fusion-one-full fusion-column-first fusion-column-last fusion-column-no-min-height fusion-animated\" style=\"margin-top:0px;margin-bottom:0px;\" data-animationType=\"fadeInDown\" data-animationDuration=\"1.0\" data-animationOffset=\"100%\"><div class=\"fusion-column-wrapper fusion-flex-column-wrapper-legacy\" style=\"background-position:left top;background-repeat:no-repeat;-webkit-background-size:cover;-moz-background-size:cover;-o-background-size:cover;background-size:cover;padding: 40px 15% 60px 15%;\"><style type=\"text\/css\">@media only screen and (max-width:1024px) {.fusion-title.fusion-title-4{margin-top:!important;margin-bottom:20px!important;}}<\/style><div class=\"fusion-title title fusion-title-4 fusion-sep-none fusion-title-center fusion-title-text fusion-title-size-three\" style=\"font-size:2em;margin-top:0px;margin-right:0px;margin-bottom:20px;margin-left:0px;\"><h3 class=\"title-heading-center fusion-responsive-typography-calculated\" style=\"margin:0;font-size:1em;color:#265960;--fontSize:28;line-height:1.3;\">PLATS<\/h3><\/div><div class=\"fusion-text fusion-text-2\"><p style=\"text-align: center;\"><strong><span style=\"vertical-align: inherit;\"><span style=\"vertical-align: inherit;\">Plancha du Montana &#8211; 22,00 \u20ac <\/span><\/span><\/strong><br \/>\n<em><span style=\"vertical-align: inherit;\"><span style=\"vertical-align: inherit;\">Assortiment de charcuteries et fromages, condiments et salade verte, pommes frites maison<\/span><\/span><\/em><\/p>\n<p style=\"text-align: center;\"><strong><span style=\"vertical-align: inherit;\"><span style=\"vertical-align: inherit;\">La v\u00e9ritable soupe du Montana &#8211; 10,00 \u20ac <\/span><\/span><\/strong><br \/>\n<em><span style=\"vertical-align: inherit;\"><span style=\"vertical-align: inherit;\">1\/2 litre de bouillon agr\u00e9ment\u00e9 de l\u00e9gumes frais, lard savoyard, et Diot de Savoie fum\u00e9 (servie de 10h \u00e0 17h non stop)<\/span><\/span><\/em><\/p>\n<p style=\"text-align: center;\"><strong><span style=\"vertical-align: inherit;\"><span style=\"vertical-align: inherit;\">Tartiflette &#8211; 21,00 \u20ac <\/span><\/span><\/strong><br \/>\n<em><span style=\"vertical-align: inherit;\"><span style=\"vertical-align: inherit;\">Gratin\u00e9 de pommes de terre aux lardons, oignons, cr\u00e8me et reblochon cr\u00e9meux, salade verte<\/span><\/span><\/em><\/p>\n<p style=\"text-align: center;\"><strong style=\"color: var(--body_typography-color); font-family: var(--body_typography-font-family); font-size: var(--body_typography-font-size); font-style: var(--body_typography-font-style,normal); letter-spacing: var(--body_typography-letter-spacing);\"><span style=\"vertical-align: inherit;\"><span style=\"vertical-align: inherit;\">La Matouille &#8211; 24,00 \u20ac<\/span><\/span><\/strong><\/p>\n<p style=\"text-align: center;\">\n<em><span style=\"vertical-align: inherit;\"><span style=\"vertical-align: inherit;\">Tomme de Savoie \u00e0 l&rsquo;ail et au vin blanc, charcuterie, pommes de terre grenailles, petite verdure<\/span><\/span><\/em><\/p>\n<p style=\"text-align: center;\"><strong><span style=\"vertical-align: inherit;\"><span style=\"vertical-align: inherit;\">Croziflette &#8211; 21,00 \u20ac <\/span><\/span><\/strong><br \/>\n<em><span style=\"vertical-align: inherit;\"><span style=\"vertical-align: inherit;\">Gratin\u00e9 de crozets (p\u00e2tes savoyardes traditionnelles), lardons, oignons, cr\u00e8me, reblochon, salade verte<\/span><\/span><\/em><\/p>\n<p style=\"text-align: center;\"><strong style=\"color: var(--body_typography-color); font-family: var(--body_typography-font-family); font-size: var(--body_typography-font-size); font-style: var(--body_typography-font-style,normal); letter-spacing: var(--body_typography-letter-spacing);\"><span style=\"vertical-align: inherit;\"><span style=\"vertical-align: inherit;\">Mac Montana XXL &#8211; 22,00 \u20ac<\/span><\/span><\/strong><\/p>\n<p style=\"text-align: center;\"><em><span style=\"vertical-align: inherit;\"><span style=\"vertical-align: inherit;\">Hach\u00e9 de boeuf fa\u00e7on bouch\u00e8re 180gr, lard grill\u00e9, oignon, cornichon, fromage \u00e0 raclette et reblochon fondu, moutarde \u00e0 la myrtille, pommes frites maison et petite verdure<\/span><\/span><\/em><\/p>\n<p style=\"text-align: center;\"><strong><span style=\"vertical-align: inherit;\"><span style=\"vertical-align: inherit;\">D&rsquo;autres sp\u00e9cialit\u00e9s vous attendent au restaurant selon les saisons &#8230;<\/span><\/span><\/strong><\/p>\n<\/div><div class=\"fusion-clearfix\"><\/div><\/div><\/div><div class=\"fusion-layout-column fusion_builder_column fusion-builder-column-3 fusion_builder_column_1_1 1_1 fusion-one-full fusion-column-first fusion-column-last fusion-column-no-min-height fusion-animated\" style=\"margin-top:0px;margin-bottom:0px;\" data-animationType=\"fadeInDown\" data-animationDuration=\"1.0\" data-animationOffset=\"100%\"><div class=\"fusion-column-wrapper fusion-flex-column-wrapper-legacy\" style=\"background-position:left top;background-repeat:no-repeat;-webkit-background-size:cover;-moz-background-size:cover;-o-background-size:cover;background-size:cover;padding: 40px 15% 60px 15%;\"><style type=\"text\/css\">@media only screen and (max-width:1024px) {.fusion-title.fusion-title-5{margin-top:!important;margin-bottom:20px!important;}}<\/style><div class=\"fusion-title title fusion-title-5 fusion-sep-none fusion-title-center fusion-title-text fusion-title-size-three\" style=\"font-size:2em;margin-top:0px;margin-right:0px;margin-bottom:20px;margin-left:0px;\"><h3 class=\"title-heading-center fusion-responsive-typography-calculated\" style=\"margin:0;font-size:1em;color:#265960;--fontSize:28;line-height:1.3;\">DESSERTS<\/h3><\/div><div class=\"fusion-text fusion-text-3\"><p style=\"text-align: center;\"><strong>Tarte fondante au chocolat &#8211; 8,00 \u20ac<\/strong><\/p>\n<p style=\"text-align: center;\"><strong>Caf\u00e9 ou Th\u00e9 gourmand &#8211; 8,50 \u20ac<\/strong><\/p>\n<p style=\"text-align: center;\"><strong>Fromage blanc &#8211; 6,50 \u20ac<\/strong><br \/><em>Nature \/ confiture myrtille \/ cr\u00e8me de marron \/ caramel beurre sal\u00e9 maison<\/em><\/p>\n<p style=\"text-align: center;\"><strong>Tarte aux myrtilles &#8211; 8,00 \u20ac<\/strong><\/p>\n<p style=\"text-align: center;\"><strong>Cr\u00e8me br\u00fbl\u00e9e au G\u00e9n\u00e9pi &#8211; 8,00 \u20ac<\/strong><\/p>\n<p style=\"text-align: center;\"><strong>et bien plus encore au restaurant &#8230;<\/strong><\/p>\n<\/div><div class=\"fusion-clearfix\"><\/div><\/div><\/div><div class=\"fusion-layout-column fusion_builder_column fusion-builder-column-4 fusion_builder_column_1_1 1_1 fusion-one-full fusion-column-first fusion-column-last fusion-column-no-min-height fusion-animated\" style=\"margin-top:0px;margin-bottom:0px;\" data-animationType=\"fadeInDown\" data-animationDuration=\"1.0\" data-animationOffset=\"100%\"><div class=\"fusion-column-wrapper fusion-flex-column-wrapper-legacy\" style=\"background-position:left top;background-repeat:no-repeat;-webkit-background-size:cover;-moz-background-size:cover;-o-background-size:cover;background-size:cover;padding: 40px 15% 60px 15%;\"><style type=\"text\/css\">@media only screen and (max-width:1024px) {.fusion-title.fusion-title-6{margin-top:!important;margin-bottom:20px!important;}}<\/style><div class=\"fusion-title title fusion-title-6 fusion-sep-none fusion-title-center fusion-title-text fusion-title-size-three\" style=\"font-size:2em;margin-top:0px;margin-right:0px;margin-bottom:20px;margin-left:0px;\"><h3 class=\"title-heading-center fusion-responsive-typography-calculated\" style=\"margin:0;font-size:1em;color:#265960;--fontSize:28;line-height:1.3;\">MENU DES PETITS LOULOUS<\/h3><\/div><div class=\"fusion-text fusion-text-4\"><p style=\"text-align: center;\"><b>Menu adapt\u00e9 aux enfants de moins de 10 ans &#8211; 11,00 \u20ac<\/b><br \/><i><br \/>Jambon blanc ou nuggets de poulet avec frites + une pom&rsquo;pot <\/i><\/p>\n<\/div><div class=\"fusion-clearfix\"><\/div><\/div><\/div><div class=\"fusion-layout-column fusion_builder_column fusion-builder-column-5 fusion_builder_column_1_1 1_1 fusion-one-full fusion-column-first fusion-column-last fusion-column-no-min-height fusion-animated\" style=\"margin-top:0px;margin-bottom:0px;\" data-animationType=\"fadeInDown\" data-animationDuration=\"1.0\" data-animationOffset=\"100%\"><div class=\"fusion-column-wrapper fusion-flex-column-wrapper-legacy\" style=\"background-position:left top;background-repeat:no-repeat;-webkit-background-size:cover;-moz-background-size:cover;-o-background-size:cover;background-size:cover;padding: 0px 15% 60px 15%;\"><style type=\"text\/css\">@media only screen and (max-width:1024px) {.fusion-title.fusion-title-7{margin-top:!important;margin-bottom:20px!important;}}<\/style><div class=\"fusion-title title fusion-title-7 fusion-sep-none fusion-title-center fusion-title-text fusion-title-size-three\" style=\"font-size:3em;margin-top:0px;margin-right:0px;margin-bottom:20px;margin-left:0px;\"><h3 class=\"title-heading-center fusion-responsive-typography-calculated\" style=\"margin:0;font-size:1em;color:#265960;--fontSize:42;line-height:1.3;\">SNACKING<\/h3><\/div><div class=\"fusion-text fusion-text-5\"><p style=\"text-align: center;\"><strong>Portion de frites maison- 6,50 \u20ac<\/strong><\/p>\n<p style=\"text-align: center;\"><strong>Saucisses knack et frites maison &#8211; 13,00 \u20ac<\/strong><\/p>\n<p style=\"text-align: center;\"><strong>Steak hach\u00e9 frites maison &#8211; 16,00 \u20ac<\/strong><\/p>\n<p style=\"text-align: center;\"><strong>Croque monsieur maison &#8211; 15,00 \u20ac<\/strong><\/p>\n<p style=\"text-align: center;\"><b>Sandwichs et Pinsa sont \u00e9galement disponibles au restaurant &#8230;<\/b><\/p>\n<\/div><div class=\"fusion-clearfix\"><\/div><\/div><\/div><\/div><\/div><div class=\"fusion-fullwidth fullwidth-box fusion-builder-row-3 hundred-percent-fullwidth non-hundred-percent-height-scrolling fusion-equal-height-columns\" style=\"background-color: rgba(255,255,255,0);background-position: center center;background-repeat: no-repeat;padding-top:0px;padding-right:0px;padding-bottom:0px;padding-left:0px;margin-bottom: 0px;margin-top: 0px;border-width: 0px 0px 0px 0px;border-color:#eae9e9;border-style:solid;\" ><div class=\"fusion-builder-row fusion-row\"><div class=\"fusion-layout-column fusion_builder_column fusion-builder-column-6 fusion_builder_column_1_1 1_1 fusion-one-full fusion-column-first fusion-column-last\" style=\"margin-top:0px;margin-bottom:0px;\"><div class=\"fusion-column-wrapper fusion-flex-column-wrapper-legacy\" style=\"background-image: url(&#039;https:\/\/chalet-montana.com\/wp-content\/uploads\/2019\/10\/Capture5.png&#039;);background-position:right center;background-blend-mode: overlay;background-repeat:no-repeat;-webkit-background-size:cover;-moz-background-size:cover;-o-background-size:cover;background-size:cover;background-color:rgba(0,0,0,0.3);border-width: 0px 0 0 0;border-color:#f63c81;border-style:solid;padding: 6% 6% 25% 6%;\" data-bg-url=\"https:\/\/chalet-montana.com\/wp-content\/uploads\/2019\/10\/Capture5.png\"><div class=\"fusion-clearfix\"><\/div><\/div><\/div><\/div><\/div><\/p>\n","protected":false},"excerpt":{"rendered":"","protected":false},"author":1,"featured_media":0,"parent":0,"menu_order":0,"comment_status":"closed","ping_status":"closed","template":"100-width.php","meta":{"footnotes":""},"class_list":["post-15","page","type-page","status-publish","hentry"],"_links":{"self":[{"href":"https:\/\/chalet-montana.com\/index.php\/wp-json\/wp\/v2\/pages\/15","targetHints":{"allow":["GET"]}}],"collection":[{"href":"https:\/\/chalet-montana.com\/index.php\/wp-json\/wp\/v2\/pages"}],"about":[{"href":"https:\/\/chalet-montana.com\/index.php\/wp-json\/wp\/v2\/types\/page"}],"author":[{"embeddable":true,"href":"https:\/\/chalet-montana.com\/index.php\/wp-json\/wp\/v2\/users\/1"}],"replies":[{"embeddable":true,"href":"https:\/\/chalet-montana.com\/index.php\/wp-json\/wp\/v2\/comments?post=15"}],"version-history":[{"count":34,"href":"https:\/\/chalet-montana.com\/index.php\/wp-json\/wp\/v2\/pages\/15\/revisions"}],"predecessor-version":[{"id":454,"href":"https:\/\/chalet-montana.com\/index.php\/wp-json\/wp\/v2\/pages\/15\/revisions\/454"}],"wp:attachment":[{"href":"https:\/\/chalet-montana.com\/index.php\/wp-json\/wp\/v2\/media?parent=15"}],"curies":[{"name":"wp","href":"https:\/\/api.w.org\/{rel}","templated":true}]}}